{"id":294,"date":"2020-05-16T17:55:43","date_gmt":"2020-05-16T15:55:43","guid":{"rendered":"http:\/\/disapia.com\/?page_id=294"},"modified":"2022-08-24T21:30:35","modified_gmt":"2022-08-24T19:30:35","slug":"impressum","status":"publish","type":"page","link":"https:\/\/disapia.com\/en\/impressum\/","title":{"rendered":"Imprint"},"content":{"rendered":"<div data-elementor-type=\"wp-page\" data-elementor-id=\"294\" class=\"elementor elementor-294\" data-elementor-settings=\"[]\">\n\t\t\t\t\t\t<div class=\"elementor-inner\">\n\t\t\t\t\t\t\t<div class=\"elementor-section-wrap\">\n\t\t\t\t\t\t\t<section class=\"elementor-section elementor-top-section elementor-element elementor-element-9979132 elementor-section-boxed elementor-section-height-default elementor-section-height-default\" data-id=\"9979132\" data-element_type=\"section\">\n\t\t\t\t\t\t<div class=\"elementor-container elementor-column-gap-default\">\n\t\t\t\t\t\t\t<div class=\"elementor-row\">\n\t\t\t\t\t<div class=\"elementor-column elementor-col-100 elementor-top-column elementor-element elementor-element-ba63ff7\" data-id=\"ba63ff7\" data-element_type=\"column\">\n\t\t\t<div class=\"elementor-column-wrap elementor-element-populated\">\n\t\t\t\t\t\t\t<div class=\"elementor-widget-wrap\">\n\t\t\t\t\t\t<div class=\"elementor-element elementor-element-b180c4b elementor-widget elementor-widget-text-editor\" data-id=\"b180c4b\" data-element_type=\"widget\" data-widget_type=\"text-editor.default\">\n\t\t\t\t<div class=\"elementor-widget-container\">\n\t\t\t\t\t<div class=\"elementor-text-editor elementor-clearfix\"><p>Informationspflicht laut \u00a75 E-Commerce Gesetz, \u00a714 Unternehmensgesetzbuch, \u00a763 Gewerbeordnung und Offenlegungspflicht laut \u00a725 Mediengesetz<\/p><p>Marco Di Sapia<\/p><p>Czerningasse 3-5<\/p><p>1020 Wien<\/p><p>Sprech- &amp; Videotrainings, Moderation<\/p><p>F\u00fcr den Inhalt verantwortlich: Marco Di Sapia<\/p><p>E-Mail: office@disapia.com<\/p><p>Berufsrecht:<br \/>Gewerbeordnung: www.ris.bka.gv.at<\/p><p>Verbraucher haben die Mo\u0308glichkeit, Beschwerden an die Online- Streitbeilegungsplattform der EU zu richten: http:\/\/ec.europa.eu\/odr .<\/p><p>Sie k\u00f6nnen allf\u00e4llige Beschwerde auch an die oben angegebene E-Mail-Adresse richten.<\/p><p>Alle Inhalte dieser Webseite sind urheberrechtlich gesch\u00fctzt. Alle Rechte bleiben vorbehalten. Jede Art der Vervielf\u00e4ltigung und Weitergabe ohne schriftliche Genehmigung ist unzul\u00e4ssig.\u00a0<\/p><\/div>\n\t\t\t\t<\/div>\n\t\t\t\t<\/div>\n\t\t\t\t\t\t<\/div>\n\t\t\t\t\t<\/div>\n\t\t<\/div>\n\t\t\t\t\t\t\t\t<\/div>\n\t\t\t\t\t<\/div>\n\t\t<\/section>\n\t\t\t\t\t\t<\/div>\n\t\t\t\t\t\t<\/div>\n\t\t\t\t\t<\/div>","protected":false},"excerpt":{"rendered":"<p>Informationspflicht laut \u00a75 E-Commerce Gesetz, \u00a714 Unternehmensgesetzbuch, \u00a763 Gewerbeordnung und Offenlegungspflicht laut \u00a725 Mediengesetz Marco Di Sapia Czerningasse 3-5 1020 Wien Sprech- &amp; Videotrainings, Moderation F\u00fcr den Inhalt verantwortlich: Marco Di Sapia E-Mail: office@disapia.com Berufsrecht:Gewerbeordnung: www.ris.bka.gv.at Verbraucher haben die Mo\u0308glichkeit, Beschwerden an die Online- Streitbeilegungsplattform der EU zu richten: http:\/\/ec.europa.eu\/odr . Sie k\u00f6nnen allf\u00e4llige Beschwerde<a class=\"more-link\" href=\"https:\/\/disapia.com\/en\/impressum\/\">Continue reading <span class=\"screen-reader-text\">&#8220;Impressum&#8221;<\/span><\/a><\/p>","protected":false},"author":1,"featured_media":0,"parent":0,"menu_order":0,"comment_status":"closed","ping_status":"closed","template":"elementor_canvas","meta":[],"_links":{"self":[{"href":"https:\/\/disapia.com\/en\/wp-json\/wp\/v2\/pages\/294"}],"collection":[{"href":"https:\/\/disapia.com\/en\/wp-json\/wp\/v2\/pages"}],"about":[{"href":"https:\/\/disapia.com\/en\/wp-json\/wp\/v2\/types\/page"}],"author":[{"embeddable":true,"href":"https:\/\/disapia.com\/en\/wp-json\/wp\/v2\/users\/1"}],"replies":[{"embeddable":true,"href":"https:\/\/disapia.com\/en\/wp-json\/wp\/v2\/comments?post=294"}],"version-history":[{"count":8,"href":"https:\/\/disapia.com\/en\/wp-json\/wp\/v2\/pages\/294\/revisions"}],"predecessor-version":[{"id":1040,"href":"https:\/\/disapia.com\/en\/wp-json\/wp\/v2\/pages\/294\/revisions\/1040"}],"wp:attachment":[{"href":"https:\/\/disapia.com\/en\/wp-json\/wp\/v2\/media?parent=294"}],"curies":[{"name":"wp","href":"https:\/\/api.w.org\/{rel}","templated":true}]}}